{"id":3962,"date":"2023-05-23T11:01:38","date_gmt":"2023-05-23T11:01:38","guid":{"rendered":"https:\/\/svbrachelen-shop.de\/?page_id=3962"},"modified":"2023-05-23T11:04:15","modified_gmt":"2023-05-23T11:04:15","slug":"impressum","status":"publish","type":"page","link":"https:\/\/svbrachelen-shop.de\/index.php\/impressum\/","title":{"rendered":"Impressum"},"content":{"rendered":"\t\t<div data-elementor-type=\"wp-page\" data-elementor-id=\"3962\" class=\"elementor elementor-3962\">\n\t\t\t\t\t\t\t\t\t<section class=\"elementor-section elementor-top-section elementor-element elementor-element-1327d28f elementor-section-boxed elementor-section-height-default elementor-section-height-default\" data-id=\"1327d28f\" data-element_type=\"section\">\n\t\t\t\t\t\t<div class=\"elementor-container elementor-column-gap-default\">\n\t\t\t\t\t<div class=\"elementor-column elementor-col-100 elementor-top-column elementor-element elementor-element-a7c3a7a\" data-id=\"a7c3a7a\" data-element_type=\"column\">\n\t\t\t<div class=\"elementor-widget-wrap elementor-element-populated\">\n\t\t\t\t\t\t\t\t<div class=\"elementor-element elementor-element-26ce112b elementor-widget elementor-widget-text-editor\" data-id=\"26ce112b\" data-element_type=\"widget\" data-widget_type=\"text-editor.default\">\n\t\t\t\t<div class=\"elementor-widget-container\">\n\t\t\t<style>\/*! elementor - v3.12.1 - 02-04-2023 *\/\n.elementor-widget-text-editor.elementor-drop-cap-view-stacked .elementor-drop-cap{background-color:#69727d;color:#fff}.elementor-widget-text-editor.elementor-drop-cap-view-framed .elementor-drop-cap{color:#69727d;border:3px solid;background-color:transparent}.elementor-widget-text-editor:not(.elementor-drop-cap-view-default) .elementor-drop-cap{margin-top:8px}.elementor-widget-text-editor:not(.elementor-drop-cap-view-default) .elementor-drop-cap-letter{width:1em;height:1em}.elementor-widget-text-editor .elementor-drop-cap{float:left;text-align:center;line-height:1;font-size:50px}.elementor-widget-text-editor .elementor-drop-cap-letter{display:inline-block}<\/style>\t\t\t\t<p><!-- wp:paragraph --><\/p><p><!-- \/wp:paragraph --><\/p><p><!-- wp:paragraph --><\/p><h3>Impressum<\/h3><p>\u00a0<\/p><p><!-- \/wp:paragraph --><\/p><p><!-- wp:paragraph --><\/p><section class=\"elementor-section elementor-top-section elementor-element elementor-element-ebe43be elementor-section-boxed elementor-section-height-default elementor-section-height-default\" data-id=\"ebe43be\" data-element_type=\"section\"><div class=\"elementor-container elementor-column-gap-default\"><div class=\"elementor-column elementor-col-100 elementor-top-column elementor-element elementor-element-6ca18726\" data-id=\"6ca18726\" data-element_type=\"column\"><div class=\"elementor-widget-wrap elementor-element-populated\"><div class=\"elementor-element elementor-element-6dfd146b elementor-widget elementor-widget-text-editor\" data-id=\"6dfd146b\" data-element_type=\"widget\" data-widget_type=\"text-editor.default\"><div class=\"elementor-widget-container\"><p><strong>Angaben gem\u00e4\u00df \u00a7 5 TMG<\/strong><\/p><p>DMR Marketing Chris Reimer e. K.<br \/>Breite Stra\u00dfe 101<br \/>41836 H\u00fcckelhoven<br \/><a href=\"tel:02433\/3009388\">02433 \/ 300 93 88<\/a><br \/>info@marketing-reimer.de<\/p><p>Vertreten durch: Chris Reimer<br \/>Registergericht: Amtsgericht M\u00f6nchengladbach HRA 8000<br \/>Genehmigung nach \u00a7 34 Gewerbeordnung (GewO) durch die Stadt H\u00fcckelhoven<br \/>Umsatzsteuer-Identifikationsnummer gem\u00e4\u00df \u00a7 27 a Umsatzsteuergesetz: DE\u00a0304178836<\/p><\/div><\/div><\/div><\/div><\/div><\/section><section class=\"elementor-section elementor-top-section elementor-element elementor-element-651e719 elementor-section-boxed elementor-section-height-default elementor-section-height-default\" data-id=\"651e719\" data-element_type=\"section\"><div class=\"elementor-container elementor-column-gap-default\"><div class=\"elementor-column elementor-col-100 elementor-top-column elementor-element elementor-element-c86aefb\" data-id=\"c86aefb\" data-element_type=\"column\"><div class=\"elementor-widget-wrap elementor-element-populated\"><div class=\"elementor-element elementor-element-4002728 elementor-widget elementor-widget-heading\" data-id=\"4002728\" data-element_type=\"widget\" data-widget_type=\"heading.default\"><div class=\"elementor-widget-container\"><h2 class=\"elementor-heading-title elementor-size-default\"><span style=\"color: #7a7a7a; font-family: Bank Gothic MD BT, sans-serif;\">Haftungsausschluss<\/span><\/h2><\/div><\/div><\/div><\/div><\/div><\/section><section class=\"elementor-section elementor-top-section elementor-element elementor-element-2932ba60 elementor-section-boxed elementor-section-height-default elementor-section-height-default\" data-id=\"2932ba60\" data-element_type=\"section\"><div class=\"elementor-container elementor-column-gap-default\"><div class=\"elementor-column elementor-col-100 elementor-top-column elementor-element elementor-element-55b2ed8b\" data-id=\"55b2ed8b\" data-element_type=\"column\"><div class=\"elementor-widget-wrap elementor-element-populated\"><div class=\"elementor-element elementor-element-89d0860 elementor-widget elementor-widget-text-editor\" data-id=\"89d0860\" data-element_type=\"widget\" data-widget_type=\"text-editor.default\"><div class=\"elementor-widget-container\"><p>Trotz sorgf\u00e4ltiger inhaltlicher Kontrolle \u00fcbernehmen wir f\u00fcr die Inhalte externer Links keine Haftung. F\u00fcr den Inhalt der verlinkten Seiten sind ausschlie\u00dflich deren Betreiber verantwortlich. Alle Rechte vorbehalten. Jede Verbreitung und Vervielf\u00e4ltigung der Inhalte dieser Internetpr\u00e4senz ist untersagt oder bedarf der schriftlichen Zustimmung.<\/p><p><strong>Inhalt des Onlineangebotes<\/strong><\/p><p>Der Autor \u00fcbernimmt keinerlei Gew\u00e4hr f\u00fcr die Aktualit\u00e4t, Korrektheit, Vollst\u00e4ndigkeit oder Qualit\u00e4t der bereitgestellten Informationen. Haftungsanspr\u00fcche gegen den Autor, welche sich auf Sch\u00e4den materieller oder ideeller Art beziehen, die durch die Nutzung oder Nichtnutzung der dargebotenen Informationen bzw. durch die Nutzung fehlerhafter und unvollst\u00e4ndiger Informationen verursacht wurden, sind grunds\u00e4tzlich ausgeschlossen, sofern seitens des Autors kein nachweislich vors\u00e4tzliches oder grob fahrl\u00e4ssiges Verschulden vorliegt. Der Autor beh\u00e4lt es sich ausdr\u00fccklich vor, Teile der Seiten oder das gesamte Angebot ohne gesonderte Ank\u00fcndigung zu ver\u00e4ndern, zu erg\u00e4nzen, zu l\u00f6schen oder die Ver\u00f6ffentlichung zeitweise oder endg\u00fcltig einzustellen.<\/p><p><strong>Verweise und Links<\/strong><\/p><p>Bei direkten oder indirekten Verweisen auf fremde Webseiten (\u201eHyperlinks\u201c), die au\u00dferhalb des Verantwortungsbereiches des Autors liegen, w\u00fcrde eine Haftungsverpflichtung ausschlie\u00dflich in dem Fall in Kraft treten, in dem der Autor von den Inhalten Kenntnis hat und es ihm technisch m\u00f6glich und zumutbar w\u00e4re, die Nutzung im Falle rechtswidriger Inhalte zu verhindern. Der Autor erkl\u00e4rt hiermit ausdr\u00fccklich, dass zum Zeitpunkt der Linksetzung keine illegalen Inhalte auf den zu verlinkenden Seiten erkennbar waren. Auf die aktuelle und zuk\u00fcnftige Gestaltung, die Inhalte oder die Urheberschaft der verlinkten\/verkn\u00fcpften Seiten hat der Autor keinerlei Einfluss. Deshalb distanziert er sich hiermit ausdr\u00fccklich von allen Inhalten aller verlinkten \/verkn\u00fcpften Seiten, die nach der Linksetzung ver\u00e4ndert wurden. Diese Feststellung gilt f\u00fcr alle innerhalb des eigenen Internetangebotes gesetzten Links und Verweise sowie f\u00fcr Fremdeintr\u00e4ge in vom Autor eingerichteten G\u00e4steb\u00fcchern, Diskussionsforen, Linkverzeichnissen, Mailinglisten und in allen anderen Formen von Datenbanken, auf deren Inhalt externe Schreibzugriffe m\u00f6glich sind. F\u00fcr illegale, fehlerhafte oder unvollst\u00e4ndige Inhalte und insbesondere f\u00fcr Sch\u00e4den, die aus der Nutzung oder Nichtnutzung solcherart dargebotener Informationen entstehen, haftet allein der Anbieter der Seite, auf welche verwiesen wurde, nicht derjenige, der \u00fcber Links auf die jeweilige Ver\u00f6ffentlichung lediglich verweist.<\/p><p><strong>Urheber- und Kennzeichenrecht<\/strong><\/p><p>Der Autor ist bestrebt, in allen Publikationen die Urheberrechte der verwendeten Bilder, Grafiken, Tondokumente, Videosequenzen und Texte zu beachten, von ihm selbst erstellte Bilder, Grafiken, Tondokumente, Videosequenzen und Texte zu nutzen oder auf lizenzfreie Grafiken, Tondokumente, Videosequenzen und Texte zur\u00fcckzugreifen.<br \/>Alle innerhalb des Internetangebotes genannten und ggf. durch Dritte gesch\u00fctzten Marken- und Warenzeichen unterliegen uneingeschr\u00e4nkt den Bestimmungen des jeweils g\u00fcltigen Kennzeichenrechts und den Besitzrechten der jeweiligen eingetragenen Eigent\u00fcmer. Allein aufgrund der blo\u00dfen Nennung ist nicht der Schluss zu ziehen, dass Markenzeichen nicht durch Rechte Dritter gesch\u00fctzt sind! Das Copyright f\u00fcr ver\u00f6ffentlichte, vom Autor selbst erstellte Objekte bleibt allein beim Autor der Seiten. Eine Vervielf\u00e4ltigung oder Verwendung solcher Grafiken, Tondokumente, Videosequenzen und Texte in anderen elektronischen oder gedruckten Publikationen ist ohne ausdr\u00fcckliche Zustimmung des Autors nicht gestattet.<\/p><\/div><\/div><\/div><\/div><\/div><\/section><p><!-- \/wp:paragraph --><\/p>\t\t\t\t\t\t<\/div>\n\t\t\t\t<\/div>\n\t\t\t\t\t<\/div>\n\t\t<\/div>\n\t\t\t\t\t\t\t<\/div>\n\t\t<\/section>\n\t\t\t\t\t\t\t<\/div>\n\t\t","protected":false},"excerpt":{"rendered":"<p>Impressum \u00a0 Angaben gem\u00e4\u00df \u00a7 5 TMG DMR Marketing Chris Reimer e. K.Breite Stra\u00dfe 10141836 H\u00fcckelhoven02433 \/ 300 93 88info@marketing-reimer.de Vertreten durch: Chris ReimerRegistergericht: Amtsgericht M\u00f6nchengladbach HRA 8000Genehmigung nach \u00a7 34 Gewerbeordnung (GewO) durch die Stadt H\u00fcckelhovenUmsatzsteuer-Identifikationsnummer gem\u00e4\u00df \u00a7 27 a Umsatzsteuergesetz: DE\u00a0304178836 Haftungsausschluss Trotz sorgf\u00e4ltiger inhaltlicher Kontrolle \u00fcbernehmen wir f\u00fcr die Inhalte externer Links &hellip;<\/p>\n<p class=\"read-more\"> <a class=\"\" href=\"https:\/\/svbrachelen-shop.de\/index.php\/impressum\/\"> <span class=\"screen-reader-text\">Impressum<\/span> Weiterlesen &raquo;<\/a><\/p>\n","protected":false},"author":1,"featured_media":0,"parent":0,"menu_order":0,"comment_status":"closed","ping_status":"closed","template":"","meta":{"site-sidebar-layout":"no-sidebar","site-content-layout":"page-builder","ast-global-header-display":"","ast-main-header-display":"","ast-hfb-above-header-display":"","ast-hfb-below-header-display":"","ast-hfb-mobile-header-display":"","site-post-title":"disabled","ast-breadcrumbs-content":"","ast-featured-img":"disabled","footer-sml-layout":"","theme-transparent-header-meta":"","adv-header-id-meta":"","stick-header-meta":"","header-above-stick-meta":"","header-main-stick-meta":"","header-below-stick-meta":"","footnotes":""},"class_list":["post-3962","page","type-page","status-publish","hentry"],"yoast_head":"<!-- This site is optimized with the Yoast SEO plugin v20.7 - https:\/\/yoast.com\/wordpress\/plugins\/seo\/ -->\n<title>Impressum - SV Brachelen Onlineshop<\/title>\n<meta name=\"robots\" content=\"index, follow, max-snippet:-1, max-image-preview:large, max-video-preview:-1\" \/>\n<link rel=\"canonical\" href=\"https:\/\/svbrachelen-shop.de\/index.php\/impressum\/\" \/>\n<meta property=\"og:locale\" content=\"de_DE\" \/>\n<meta property=\"og:type\" content=\"article\" \/>\n<meta property=\"og:title\" content=\"Impressum - SV Brachelen Onlineshop\" \/>\n<meta property=\"og:description\" content=\"Impressum \u00a0 Angaben gem\u00e4\u00df \u00a7 5 TMG DMR Marketing Chris Reimer e. K.Breite Stra\u00dfe 10141836 H\u00fcckelhoven02433 \/ 300 93 88info@marketing-reimer.de Vertreten durch: Chris ReimerRegistergericht: Amtsgericht M\u00f6nchengladbach HRA 8000Genehmigung nach \u00a7 34 Gewerbeordnung (GewO) durch die Stadt H\u00fcckelhovenUmsatzsteuer-Identifikationsnummer gem\u00e4\u00df \u00a7 27 a Umsatzsteuergesetz: DE\u00a0304178836 Haftungsausschluss Trotz sorgf\u00e4ltiger inhaltlicher Kontrolle \u00fcbernehmen wir f\u00fcr die Inhalte externer Links &hellip; Impressum Weiterlesen &raquo;\" \/>\n<meta property=\"og:url\" content=\"https:\/\/svbrachelen-shop.de\/index.php\/impressum\/\" \/>\n<meta property=\"og:site_name\" content=\"SV Brachelen Onlineshop\" \/>\n<meta property=\"article:modified_time\" content=\"2023-05-23T11:04:15+00:00\" \/>\n<meta name=\"twitter:card\" content=\"summary_large_image\" \/>\n<meta name=\"twitter:label1\" content=\"Gesch\u00e4tzte Lesezeit\" \/>\n\t<meta name=\"twitter:data1\" content=\"6\u00a0Minuten\" \/>\n<script type=\"application\/ld+json\" class=\"yoast-schema-graph\">{\"@context\":\"https:\/\/schema.org\",\"@graph\":[{\"@type\":\"WebPage\",\"@id\":\"https:\/\/svbrachelen-shop.de\/index.php\/impressum\/\",\"url\":\"https:\/\/svbrachelen-shop.de\/index.php\/impressum\/\",\"name\":\"Impressum - SV Brachelen Onlineshop\",\"isPartOf\":{\"@id\":\"https:\/\/svbrachelen-shop.de\/#website\"},\"datePublished\":\"2023-05-23T11:01:38+00:00\",\"dateModified\":\"2023-05-23T11:04:15+00:00\",\"breadcrumb\":{\"@id\":\"https:\/\/svbrachelen-shop.de\/index.php\/impressum\/#breadcrumb\"},\"inLanguage\":\"de\",\"potentialAction\":[{\"@type\":\"ReadAction\",\"target\":[\"https:\/\/svbrachelen-shop.de\/index.php\/impressum\/\"]}]},{\"@type\":\"BreadcrumbList\",\"@id\":\"https:\/\/svbrachelen-shop.de\/index.php\/impressum\/#breadcrumb\",\"itemListElement\":[{\"@type\":\"ListItem\",\"position\":1,\"name\":\"Startseite\",\"item\":\"https:\/\/svbrachelen-shop.de\/\"},{\"@type\":\"ListItem\",\"position\":2,\"name\":\"Impressum\"}]},{\"@type\":\"WebSite\",\"@id\":\"https:\/\/svbrachelen-shop.de\/#website\",\"url\":\"https:\/\/svbrachelen-shop.de\/\",\"name\":\"SV Brachelen Onlineshop\",\"description\":\"Dein Online-Shop\",\"publisher\":{\"@id\":\"https:\/\/svbrachelen-shop.de\/#organization\"},\"potentialAction\":[{\"@type\":\"SearchAction\",\"target\":{\"@type\":\"EntryPoint\",\"urlTemplate\":\"https:\/\/svbrachelen-shop.de\/?s={search_term_string}\"},\"query-input\":\"required name=search_term_string\"}],\"inLanguage\":\"de\"},{\"@type\":\"Organization\",\"@id\":\"https:\/\/svbrachelen-shop.de\/#organization\",\"name\":\"SV Brachelen Onlineshop\",\"url\":\"https:\/\/svbrachelen-shop.de\/\",\"logo\":{\"@type\":\"ImageObject\",\"inLanguage\":\"de\",\"@id\":\"https:\/\/svbrachelen-shop.de\/#\/schema\/logo\/image\/\",\"url\":\"https:\/\/svbrachelen-shop.de\/wp-content\/uploads\/2023\/04\/Logo_SV_Brachelen.png\",\"contentUrl\":\"https:\/\/svbrachelen-shop.de\/wp-content\/uploads\/2023\/04\/Logo_SV_Brachelen.png\",\"width\":3173,\"height\":3756,\"caption\":\"SV Brachelen Onlineshop\"},\"image\":{\"@id\":\"https:\/\/svbrachelen-shop.de\/#\/schema\/logo\/image\/\"}}]}<\/script>\n<!-- \/ Yoast SEO plugin. -->","yoast_head_json":{"title":"Impressum - SV Brachelen Onlineshop","robots":{"index":"index","follow":"follow","max-snippet":"max-snippet:-1","max-image-preview":"max-image-preview:large","max-video-preview":"max-video-preview:-1"},"canonical":"https:\/\/svbrachelen-shop.de\/index.php\/impressum\/","og_locale":"de_DE","og_type":"article","og_title":"Impressum - SV Brachelen Onlineshop","og_description":"Impressum \u00a0 Angaben gem\u00e4\u00df \u00a7 5 TMG DMR Marketing Chris Reimer e. K.Breite Stra\u00dfe 10141836 H\u00fcckelhoven02433 \/ 300 93 88info@marketing-reimer.de Vertreten durch: Chris ReimerRegistergericht: Amtsgericht M\u00f6nchengladbach HRA 8000Genehmigung nach \u00a7 34 Gewerbeordnung (GewO) durch die Stadt H\u00fcckelhovenUmsatzsteuer-Identifikationsnummer gem\u00e4\u00df \u00a7 27 a Umsatzsteuergesetz: DE\u00a0304178836 Haftungsausschluss Trotz sorgf\u00e4ltiger inhaltlicher Kontrolle \u00fcbernehmen wir f\u00fcr die Inhalte externer Links &hellip; Impressum Weiterlesen &raquo;","og_url":"https:\/\/svbrachelen-shop.de\/index.php\/impressum\/","og_site_name":"SV Brachelen Onlineshop","article_modified_time":"2023-05-23T11:04:15+00:00","twitter_card":"summary_large_image","twitter_misc":{"Gesch\u00e4tzte Lesezeit":"6\u00a0Minuten"},"schema":{"@context":"https:\/\/schema.org","@graph":[{"@type":"WebPage","@id":"https:\/\/svbrachelen-shop.de\/index.php\/impressum\/","url":"https:\/\/svbrachelen-shop.de\/index.php\/impressum\/","name":"Impressum - SV Brachelen Onlineshop","isPartOf":{"@id":"https:\/\/svbrachelen-shop.de\/#website"},"datePublished":"2023-05-23T11:01:38+00:00","dateModified":"2023-05-23T11:04:15+00:00","breadcrumb":{"@id":"https:\/\/svbrachelen-shop.de\/index.php\/impressum\/#breadcrumb"},"inLanguage":"de","potentialAction":[{"@type":"ReadAction","target":["https:\/\/svbrachelen-shop.de\/index.php\/impressum\/"]}]},{"@type":"BreadcrumbList","@id":"https:\/\/svbrachelen-shop.de\/index.php\/impressum\/#breadcrumb","itemListElement":[{"@type":"ListItem","position":1,"name":"Startseite","item":"https:\/\/svbrachelen-shop.de\/"},{"@type":"ListItem","position":2,"name":"Impressum"}]},{"@type":"WebSite","@id":"https:\/\/svbrachelen-shop.de\/#website","url":"https:\/\/svbrachelen-shop.de\/","name":"SV Brachelen Onlineshop","description":"Dein Online-Shop","publisher":{"@id":"https:\/\/svbrachelen-shop.de\/#organization"},"potentialAction":[{"@type":"SearchAction","target":{"@type":"EntryPoint","urlTemplate":"https:\/\/svbrachelen-shop.de\/?s={search_term_string}"},"query-input":"required name=search_term_string"}],"inLanguage":"de"},{"@type":"Organization","@id":"https:\/\/svbrachelen-shop.de\/#organization","name":"SV Brachelen Onlineshop","url":"https:\/\/svbrachelen-shop.de\/","logo":{"@type":"ImageObject","inLanguage":"de","@id":"https:\/\/svbrachelen-shop.de\/#\/schema\/logo\/image\/","url":"https:\/\/svbrachelen-shop.de\/wp-content\/uploads\/2023\/04\/Logo_SV_Brachelen.png","contentUrl":"https:\/\/svbrachelen-shop.de\/wp-content\/uploads\/2023\/04\/Logo_SV_Brachelen.png","width":3173,"height":3756,"caption":"SV Brachelen Onlineshop"},"image":{"@id":"https:\/\/svbrachelen-shop.de\/#\/schema\/logo\/image\/"}}]}},"_links":{"self":[{"href":"https:\/\/svbrachelen-shop.de\/index.php\/wp-json\/wp\/v2\/pages\/3962","targetHints":{"allow":["GET"]}}],"collection":[{"href":"https:\/\/svbrachelen-shop.de\/index.php\/wp-json\/wp\/v2\/pages"}],"about":[{"href":"https:\/\/svbrachelen-shop.de\/index.php\/wp-json\/wp\/v2\/types\/page"}],"author":[{"embeddable":true,"href":"https:\/\/svbrachelen-shop.de\/index.php\/wp-json\/wp\/v2\/users\/1"}],"replies":[{"embeddable":true,"href":"https:\/\/svbrachelen-shop.de\/index.php\/wp-json\/wp\/v2\/comments?post=3962"}],"version-history":[{"count":4,"href":"https:\/\/svbrachelen-shop.de\/index.php\/wp-json\/wp\/v2\/pages\/3962\/revisions"}],"predecessor-version":[{"id":3966,"href":"https:\/\/svbrachelen-shop.de\/index.php\/wp-json\/wp\/v2\/pages\/3962\/revisions\/3966"}],"wp:attachment":[{"href":"https:\/\/svbrachelen-shop.de\/index.php\/wp-json\/wp\/v2\/media?parent=3962"}],"curies":[{"name":"wp","href":"https:\/\/api.w.org\/{rel}","templated":true}]}}