{"id":3455,"date":"2023-05-22T12:22:19","date_gmt":"2023-05-22T12:22:19","guid":{"rendered":"https:\/\/svbrachelen-shop.de\/?post_type=product&#038;p=3455"},"modified":"2023-05-22T12:22:20","modified_gmt":"2023-05-22T12:22:20","slug":"kapuzenjacke-svb-fangirl","status":"publish","type":"product","link":"https:\/\/svbrachelen-shop.de\/index.php\/produkt\/kapuzenjacke-svb-fangirl\/","title":{"rendered":"Kapuzenjacke SVB Fangirl"},"content":{"rendered":"<ul>\n<li>Doppelte Kapuze<\/li>\n<li>Gleichfarbige, flache Kordel<\/li>\n<li>Single Jersey Nackenband.<\/li>\n<li>Verdeckter Rei\u00dfverschluss f\u00fcr bessere Bedruckbarkeit.<\/li>\n<li>Zwei aufgesetzte Taschen.<\/li>\n<li>B\u00fcndchen aus Baumwolle\/ Elasthan Ripp.<\/li>\n<\/ul>\n","protected":false},"excerpt":{"rendered":"<p>Doppelte Kapuze Gleichfarbige, flache Kordel Single Jersey Nackenband. Verdeckter Rei\u00dfverschluss f\u00fcr bessere Bedruckbarkeit. Zwei aufgesetzte Taschen. B\u00fcndchen aus Baumwolle\/ Elasthan Ripp.<\/p>\n","protected":false},"featured_media":3365,"template":"","meta":{"site-sidebar-layout":"default","site-content-layout":"default","ast-global-header-display":"","ast-main-header-display":"","ast-hfb-above-header-display":"","ast-hfb-below-header-display":"","ast-hfb-mobile-header-display":"","site-post-title":"","ast-breadcrumbs-content":"","ast-featured-img":"","footer-sml-layout":"","theme-transparent-header-meta":"default","adv-header-id-meta":"","stick-header-meta":"","header-above-stick-meta":"","header-main-stick-meta":"","header-below-stick-meta":""},"product_cat":[67],"product_tag":[],"class_list":["post-3455","product","type-product","status-publish","has-post-thumbnail","hentry","product_cat-kapuzenjacke","desktop-align-left","tablet-align-left","mobile-align-left"],"yoast_head":"<!-- This site is optimized with the Yoast SEO plugin v20.7 - https:\/\/yoast.com\/wordpress\/plugins\/seo\/ -->\n<title>Kapuzenjacke SVB Fangirl - SV Brachelen Onlineshop<\/title>\n<meta name=\"robots\" content=\"index, follow, max-snippet:-1, max-image-preview:large, max-video-preview:-1\" \/>\n<link rel=\"canonical\" href=\"https:\/\/svbrachelen-shop.de\/index.php\/produkt\/kapuzenjacke-svb-fangirl\/\" \/>\n<meta property=\"og:locale\" content=\"de_DE\" \/>\n<meta property=\"og:type\" content=\"article\" \/>\n<meta property=\"og:title\" content=\"Kapuzenjacke SVB Fangirl - SV Brachelen Onlineshop\" \/>\n<meta property=\"og:description\" content=\"Doppelte Kapuze Gleichfarbige, flache Kordel Single Jersey Nackenband. Verdeckter Rei\u00dfverschluss f\u00fcr bessere Bedruckbarkeit. Zwei aufgesetzte Taschen. B\u00fcndchen aus Baumwolle\/ Elasthan Ripp.\" \/>\n<meta property=\"og:url\" content=\"https:\/\/svbrachelen-shop.de\/index.php\/produkt\/kapuzenjacke-svb-fangirl\/\" \/>\n<meta property=\"og:site_name\" content=\"SV Brachelen Onlineshop\" \/>\n<meta property=\"article:modified_time\" content=\"2023-05-22T12:22:20+00:00\" \/>\n<meta property=\"og:image\" content=\"https:\/\/svbrachelen-shop.de\/wp-content\/uploads\/2023\/05\/herren_kapuzenjacke_hellgrau_design_6.jpg\" \/>\n\t<meta property=\"og:image:width\" content=\"1200\" \/>\n\t<meta property=\"og:image:height\" content=\"1200\" \/>\n\t<meta property=\"og:image:type\" content=\"image\/jpeg\" \/>\n<meta name=\"twitter:card\" content=\"summary_large_image\" \/>\n<meta name=\"twitter:label1\" content=\"Gesch\u00e4tzte Lesezeit\" \/>\n\t<meta name=\"twitter:data1\" content=\"1\u00a0Minute\" \/>\n<script type=\"application\/ld+json\" class=\"yoast-schema-graph\">{\"@context\":\"https:\/\/schema.org\",\"@graph\":[{\"@type\":\"WebPage\",\"@id\":\"https:\/\/svbrachelen-shop.de\/index.php\/produkt\/kapuzenjacke-svb-fangirl\/\",\"url\":\"https:\/\/svbrachelen-shop.de\/index.php\/produkt\/kapuzenjacke-svb-fangirl\/\",\"name\":\"Kapuzenjacke SVB Fangirl - SV Brachelen Onlineshop\",\"isPartOf\":{\"@id\":\"https:\/\/svbrachelen-shop.de\/#website\"},\"datePublished\":\"2023-05-22T12:22:19+00:00\",\"dateModified\":\"2023-05-22T12:22:20+00:00\",\"breadcrumb\":{\"@id\":\"https:\/\/svbrachelen-shop.de\/index.php\/produkt\/kapuzenjacke-svb-fangirl\/#breadcrumb\"},\"inLanguage\":\"de\",\"potentialAction\":[{\"@type\":\"ReadAction\",\"target\":[\"https:\/\/svbrachelen-shop.de\/index.php\/produkt\/kapuzenjacke-svb-fangirl\/\"]}]},{\"@type\":\"BreadcrumbList\",\"@id\":\"https:\/\/svbrachelen-shop.de\/index.php\/produkt\/kapuzenjacke-svb-fangirl\/#breadcrumb\",\"itemListElement\":[{\"@type\":\"ListItem\",\"position\":1,\"name\":\"Startseite\",\"item\":\"https:\/\/svbrachelen-shop.de\/\"},{\"@type\":\"ListItem\",\"position\":2,\"name\":\"Shop\",\"item\":\"https:\/\/svbrachelen-shop.de\/index.php\/shop\/\"},{\"@type\":\"ListItem\",\"position\":3,\"name\":\"Kapuzenjacke SVB Fangirl\"}]},{\"@type\":\"WebSite\",\"@id\":\"https:\/\/svbrachelen-shop.de\/#website\",\"url\":\"https:\/\/svbrachelen-shop.de\/\",\"name\":\"SV Brachelen Onlineshop\",\"description\":\"Dein Online-Shop\",\"publisher\":{\"@id\":\"https:\/\/svbrachelen-shop.de\/#organization\"},\"potentialAction\":[{\"@type\":\"SearchAction\",\"target\":{\"@type\":\"EntryPoint\",\"urlTemplate\":\"https:\/\/svbrachelen-shop.de\/?s={search_term_string}\"},\"query-input\":\"required name=search_term_string\"}],\"inLanguage\":\"de\"},{\"@type\":\"Organization\",\"@id\":\"https:\/\/svbrachelen-shop.de\/#organization\",\"name\":\"SV Brachelen Onlineshop\",\"url\":\"https:\/\/svbrachelen-shop.de\/\",\"logo\":{\"@type\":\"ImageObject\",\"inLanguage\":\"de\",\"@id\":\"https:\/\/svbrachelen-shop.de\/#\/schema\/logo\/image\/\",\"url\":\"https:\/\/svbrachelen-shop.de\/wp-content\/uploads\/2023\/04\/Logo_SV_Brachelen.png\",\"contentUrl\":\"https:\/\/svbrachelen-shop.de\/wp-content\/uploads\/2023\/04\/Logo_SV_Brachelen.png\",\"width\":3173,\"height\":3756,\"caption\":\"SV Brachelen Onlineshop\"},\"image\":{\"@id\":\"https:\/\/svbrachelen-shop.de\/#\/schema\/logo\/image\/\"}}]}<\/script>\n<!-- \/ Yoast SEO plugin. -->","yoast_head_json":{"title":"Kapuzenjacke SVB Fangirl - SV Brachelen Onlineshop","robots":{"index":"index","follow":"follow","max-snippet":"max-snippet:-1","max-image-preview":"max-image-preview:large","max-video-preview":"max-video-preview:-1"},"canonical":"https:\/\/svbrachelen-shop.de\/index.php\/produkt\/kapuzenjacke-svb-fangirl\/","og_locale":"de_DE","og_type":"article","og_title":"Kapuzenjacke SVB Fangirl - SV Brachelen Onlineshop","og_description":"Doppelte Kapuze Gleichfarbige, flache Kordel Single Jersey Nackenband. Verdeckter Rei\u00dfverschluss f\u00fcr bessere Bedruckbarkeit. Zwei aufgesetzte Taschen. B\u00fcndchen aus Baumwolle\/ Elasthan Ripp.","og_url":"https:\/\/svbrachelen-shop.de\/index.php\/produkt\/kapuzenjacke-svb-fangirl\/","og_site_name":"SV Brachelen Onlineshop","article_modified_time":"2023-05-22T12:22:20+00:00","og_image":[{"width":1200,"height":1200,"url":"https:\/\/svbrachelen-shop.de\/wp-content\/uploads\/2023\/05\/herren_kapuzenjacke_hellgrau_design_6.jpg","type":"image\/jpeg"}],"twitter_card":"summary_large_image","twitter_misc":{"Gesch\u00e4tzte Lesezeit":"1\u00a0Minute"},"schema":{"@context":"https:\/\/schema.org","@graph":[{"@type":"WebPage","@id":"https:\/\/svbrachelen-shop.de\/index.php\/produkt\/kapuzenjacke-svb-fangirl\/","url":"https:\/\/svbrachelen-shop.de\/index.php\/produkt\/kapuzenjacke-svb-fangirl\/","name":"Kapuzenjacke SVB Fangirl - SV Brachelen Onlineshop","isPartOf":{"@id":"https:\/\/svbrachelen-shop.de\/#website"},"datePublished":"2023-05-22T12:22:19+00:00","dateModified":"2023-05-22T12:22:20+00:00","breadcrumb":{"@id":"https:\/\/svbrachelen-shop.de\/index.php\/produkt\/kapuzenjacke-svb-fangirl\/#breadcrumb"},"inLanguage":"de","potentialAction":[{"@type":"ReadAction","target":["https:\/\/svbrachelen-shop.de\/index.php\/produkt\/kapuzenjacke-svb-fangirl\/"]}]},{"@type":"BreadcrumbList","@id":"https:\/\/svbrachelen-shop.de\/index.php\/produkt\/kapuzenjacke-svb-fangirl\/#breadcrumb","itemListElement":[{"@type":"ListItem","position":1,"name":"Startseite","item":"https:\/\/svbrachelen-shop.de\/"},{"@type":"ListItem","position":2,"name":"Shop","item":"https:\/\/svbrachelen-shop.de\/index.php\/shop\/"},{"@type":"ListItem","position":3,"name":"Kapuzenjacke SVB Fangirl"}]},{"@type":"WebSite","@id":"https:\/\/svbrachelen-shop.de\/#website","url":"https:\/\/svbrachelen-shop.de\/","name":"SV Brachelen Onlineshop","description":"Dein Online-Shop","publisher":{"@id":"https:\/\/svbrachelen-shop.de\/#organization"},"potentialAction":[{"@type":"SearchAction","target":{"@type":"EntryPoint","urlTemplate":"https:\/\/svbrachelen-shop.de\/?s={search_term_string}"},"query-input":"required name=search_term_string"}],"inLanguage":"de"},{"@type":"Organization","@id":"https:\/\/svbrachelen-shop.de\/#organization","name":"SV Brachelen Onlineshop","url":"https:\/\/svbrachelen-shop.de\/","logo":{"@type":"ImageObject","inLanguage":"de","@id":"https:\/\/svbrachelen-shop.de\/#\/schema\/logo\/image\/","url":"https:\/\/svbrachelen-shop.de\/wp-content\/uploads\/2023\/04\/Logo_SV_Brachelen.png","contentUrl":"https:\/\/svbrachelen-shop.de\/wp-content\/uploads\/2023\/04\/Logo_SV_Brachelen.png","width":3173,"height":3756,"caption":"SV Brachelen Onlineshop"},"image":{"@id":"https:\/\/svbrachelen-shop.de\/#\/schema\/logo\/image\/"}}]}},"_links":{"self":[{"href":"https:\/\/svbrachelen-shop.de\/index.php\/wp-json\/wp\/v2\/product\/3455","targetHints":{"allow":["GET"]}}],"collection":[{"href":"https:\/\/svbrachelen-shop.de\/index.php\/wp-json\/wp\/v2\/product"}],"about":[{"href":"https:\/\/svbrachelen-shop.de\/index.php\/wp-json\/wp\/v2\/types\/product"}],"version-history":[{"count":2,"href":"https:\/\/svbrachelen-shop.de\/index.php\/wp-json\/wp\/v2\/product\/3455\/revisions"}],"predecessor-version":[{"id":4164,"href":"https:\/\/svbrachelen-shop.de\/index.php\/wp-json\/wp\/v2\/product\/3455\/revisions\/4164"}],"wp:featuredmedia":[{"embeddable":true,"href":"https:\/\/svbrachelen-shop.de\/index.php\/wp-json\/wp\/v2\/media\/3365"}],"wp:attachment":[{"href":"https:\/\/svbrachelen-shop.de\/index.php\/wp-json\/wp\/v2\/media?parent=3455"}],"wp:term":[{"taxonomy":"product_cat","embeddable":true,"href":"https:\/\/svbrachelen-shop.de\/index.php\/wp-json\/wp\/v2\/product_cat?post=3455"},{"taxonomy":"product_tag","embeddable":true,"href":"https:\/\/svbrachelen-shop.de\/index.php\/wp-json\/wp\/v2\/product_tag?post=3455"}],"curies":[{"name":"wp","href":"https:\/\/api.w.org\/{rel}","templated":true}]}}