{"id":4027,"date":"2023-06-09T12:55:19","date_gmt":"2023-06-09T12:55:19","guid":{"rendered":"https:\/\/svbrachelen-shop.de\/?post_type=product&#038;p=4027"},"modified":"2023-06-09T12:55:20","modified_gmt":"2023-06-09T12:55:20","slug":"stutzen-mit-socken","status":"publish","type":"product","link":"https:\/\/svbrachelen-shop.de\/index.php\/produkt\/stutzen-mit-socken\/","title":{"rendered":"Stutzen (mit Socken)"},"content":{"rendered":"<p>Diese Kniestr\u00fcmpfe von Stanno sind aus \u201ehochgestrecktem\u201c Polyester gefertigt und bieten eine optimale Passform. Auf dem Schienbein ist die Uni Sock II extra dehnbar, sodass der Schienbeinschutz einfach platziert werden kann. Um optimale Atmungseigenschaften zu gew\u00e4hrleisten, ist die R\u00fcckseite der Socke mit einem Netzstrickverfahren versehen. Um den Kn\u00f6chel herum hat die Socke eine sch\u00fctzende Aufprallzone. Und um Scheuern und somit Blasen zu vermeiden, hat die Socke ein flaches Aussehen und eine verst\u00e4rkte Ferse, Sohle und Zehe. Durch die doppelte elastische Manschette bleibt die Socke an Ort und Stelle. Diese anatomisch geformte Socke ist mit einer Links \/ Rechts-Anzeige versehen.<\/p>\n<ul>\n<li>80% High Stretch Polyester, 17% Polyamide, 3% Elastane<\/li>\n<\/ul>\n","protected":false},"excerpt":{"rendered":"<p>Diese Kniestr\u00fcmpfe von Stanno sind aus \u201ehochgestrecktem\u201c Polyester gefertigt und bieten eine optimale Passform. Auf dem Schienbein ist die Uni Sock II extra dehnbar, sodass der Schienbeinschutz einfach platziert werden kann. Um optimale Atmungseigenschaften zu gew\u00e4hrleisten, ist die R\u00fcckseite der Socke mit einem Netzstrickverfahren versehen. Um den Kn\u00f6chel herum hat die Socke eine sch\u00fctzende Aufprallzone. &hellip;<\/p>\n<p class=\"read-more\"> <a class=\"\" href=\"https:\/\/svbrachelen-shop.de\/index.php\/produkt\/stutzen-mit-socken\/\"> <span class=\"screen-reader-text\">Stutzen (mit Socken)<\/span> Weiterlesen &raquo;<\/a><\/p>\n","protected":false},"featured_media":4028,"template":"","meta":{"site-sidebar-layout":"default","site-content-layout":"default","ast-global-header-display":"","ast-main-header-display":"","ast-hfb-above-header-display":"","ast-hfb-below-header-display":"","ast-hfb-mobile-header-display":"","site-post-title":"","ast-breadcrumbs-content":"","ast-featured-img":"","footer-sml-layout":"","theme-transparent-header-meta":"default","adv-header-id-meta":"","stick-header-meta":"","header-above-stick-meta":"","header-main-stick-meta":"","header-below-stick-meta":""},"product_cat":[66],"product_tag":[],"class_list":["post-4027","product","type-product","status-publish","has-post-thumbnail","hentry","product_cat-accessoires","desktop-align-left","tablet-align-left","mobile-align-left"],"yoast_head":"<!-- This site is optimized with the Yoast SEO plugin v20.7 - https:\/\/yoast.com\/wordpress\/plugins\/seo\/ -->\n<title>Stutzen (mit Socken) - SV Brachelen Onlineshop<\/title>\n<meta name=\"robots\" content=\"index, follow, max-snippet:-1, max-image-preview:large, max-video-preview:-1\" \/>\n<link rel=\"canonical\" href=\"https:\/\/svbrachelen-shop.de\/index.php\/produkt\/stutzen-mit-socken\/\" \/>\n<meta property=\"og:locale\" content=\"de_DE\" \/>\n<meta property=\"og:type\" content=\"article\" \/>\n<meta property=\"og:title\" content=\"Stutzen (mit Socken) - SV Brachelen Onlineshop\" \/>\n<meta property=\"og:description\" content=\"Diese Kniestr\u00fcmpfe von Stanno sind aus \u201ehochgestrecktem\u201c Polyester gefertigt und bieten eine optimale Passform. Auf dem Schienbein ist die Uni Sock II extra dehnbar, sodass der Schienbeinschutz einfach platziert werden kann. Um optimale Atmungseigenschaften zu gew\u00e4hrleisten, ist die R\u00fcckseite der Socke mit einem Netzstrickverfahren versehen. Um den Kn\u00f6chel herum hat die Socke eine sch\u00fctzende Aufprallzone. &hellip; Stutzen (mit Socken) Weiterlesen &raquo;\" \/>\n<meta property=\"og:url\" content=\"https:\/\/svbrachelen-shop.de\/index.php\/produkt\/stutzen-mit-socken\/\" \/>\n<meta property=\"og:site_name\" content=\"SV Brachelen Onlineshop\" \/>\n<meta property=\"article:modified_time\" content=\"2023-06-09T12:55:20+00:00\" \/>\n<meta property=\"og:image\" content=\"https:\/\/svbrachelen-shop.de\/wp-content\/uploads\/2023\/06\/440001-8000-01.jpg\" \/>\n\t<meta property=\"og:image:width\" content=\"1200\" \/>\n\t<meta property=\"og:image:height\" content=\"1200\" \/>\n\t<meta property=\"og:image:type\" content=\"image\/jpeg\" \/>\n<meta name=\"twitter:card\" content=\"summary_large_image\" \/>\n<meta name=\"twitter:label1\" content=\"Gesch\u00e4tzte Lesezeit\" \/>\n\t<meta name=\"twitter:data1\" content=\"1\u00a0Minute\" \/>\n<script type=\"application\/ld+json\" class=\"yoast-schema-graph\">{\"@context\":\"https:\/\/schema.org\",\"@graph\":[{\"@type\":\"WebPage\",\"@id\":\"https:\/\/svbrachelen-shop.de\/index.php\/produkt\/stutzen-mit-socken\/\",\"url\":\"https:\/\/svbrachelen-shop.de\/index.php\/produkt\/stutzen-mit-socken\/\",\"name\":\"Stutzen (mit Socken) - SV Brachelen Onlineshop\",\"isPartOf\":{\"@id\":\"https:\/\/svbrachelen-shop.de\/#website\"},\"datePublished\":\"2023-06-09T12:55:19+00:00\",\"dateModified\":\"2023-06-09T12:55:20+00:00\",\"breadcrumb\":{\"@id\":\"https:\/\/svbrachelen-shop.de\/index.php\/produkt\/stutzen-mit-socken\/#breadcrumb\"},\"inLanguage\":\"de\",\"potentialAction\":[{\"@type\":\"ReadAction\",\"target\":[\"https:\/\/svbrachelen-shop.de\/index.php\/produkt\/stutzen-mit-socken\/\"]}]},{\"@type\":\"BreadcrumbList\",\"@id\":\"https:\/\/svbrachelen-shop.de\/index.php\/produkt\/stutzen-mit-socken\/#breadcrumb\",\"itemListElement\":[{\"@type\":\"ListItem\",\"position\":1,\"name\":\"Startseite\",\"item\":\"https:\/\/svbrachelen-shop.de\/\"},{\"@type\":\"ListItem\",\"position\":2,\"name\":\"Shop\",\"item\":\"https:\/\/svbrachelen-shop.de\/index.php\/shop\/\"},{\"@type\":\"ListItem\",\"position\":3,\"name\":\"Stutzen (mit Socken)\"}]},{\"@type\":\"WebSite\",\"@id\":\"https:\/\/svbrachelen-shop.de\/#website\",\"url\":\"https:\/\/svbrachelen-shop.de\/\",\"name\":\"SV Brachelen Onlineshop\",\"description\":\"Dein Online-Shop\",\"publisher\":{\"@id\":\"https:\/\/svbrachelen-shop.de\/#organization\"},\"potentialAction\":[{\"@type\":\"SearchAction\",\"target\":{\"@type\":\"EntryPoint\",\"urlTemplate\":\"https:\/\/svbrachelen-shop.de\/?s={search_term_string}\"},\"query-input\":\"required name=search_term_string\"}],\"inLanguage\":\"de\"},{\"@type\":\"Organization\",\"@id\":\"https:\/\/svbrachelen-shop.de\/#organization\",\"name\":\"SV Brachelen Onlineshop\",\"url\":\"https:\/\/svbrachelen-shop.de\/\",\"logo\":{\"@type\":\"ImageObject\",\"inLanguage\":\"de\",\"@id\":\"https:\/\/svbrachelen-shop.de\/#\/schema\/logo\/image\/\",\"url\":\"https:\/\/svbrachelen-shop.de\/wp-content\/uploads\/2023\/04\/Logo_SV_Brachelen.png\",\"contentUrl\":\"https:\/\/svbrachelen-shop.de\/wp-content\/uploads\/2023\/04\/Logo_SV_Brachelen.png\",\"width\":3173,\"height\":3756,\"caption\":\"SV Brachelen Onlineshop\"},\"image\":{\"@id\":\"https:\/\/svbrachelen-shop.de\/#\/schema\/logo\/image\/\"}}]}<\/script>\n<!-- \/ Yoast SEO plugin. -->","yoast_head_json":{"title":"Stutzen (mit Socken) - SV Brachelen Onlineshop","robots":{"index":"index","follow":"follow","max-snippet":"max-snippet:-1","max-image-preview":"max-image-preview:large","max-video-preview":"max-video-preview:-1"},"canonical":"https:\/\/svbrachelen-shop.de\/index.php\/produkt\/stutzen-mit-socken\/","og_locale":"de_DE","og_type":"article","og_title":"Stutzen (mit Socken) - SV Brachelen Onlineshop","og_description":"Diese Kniestr\u00fcmpfe von Stanno sind aus \u201ehochgestrecktem\u201c Polyester gefertigt und bieten eine optimale Passform. Auf dem Schienbein ist die Uni Sock II extra dehnbar, sodass der Schienbeinschutz einfach platziert werden kann. Um optimale Atmungseigenschaften zu gew\u00e4hrleisten, ist die R\u00fcckseite der Socke mit einem Netzstrickverfahren versehen. Um den Kn\u00f6chel herum hat die Socke eine sch\u00fctzende Aufprallzone. &hellip; Stutzen (mit Socken) Weiterlesen &raquo;","og_url":"https:\/\/svbrachelen-shop.de\/index.php\/produkt\/stutzen-mit-socken\/","og_site_name":"SV Brachelen Onlineshop","article_modified_time":"2023-06-09T12:55:20+00:00","og_image":[{"width":1200,"height":1200,"url":"https:\/\/svbrachelen-shop.de\/wp-content\/uploads\/2023\/06\/440001-8000-01.jpg","type":"image\/jpeg"}],"twitter_card":"summary_large_image","twitter_misc":{"Gesch\u00e4tzte Lesezeit":"1\u00a0Minute"},"schema":{"@context":"https:\/\/schema.org","@graph":[{"@type":"WebPage","@id":"https:\/\/svbrachelen-shop.de\/index.php\/produkt\/stutzen-mit-socken\/","url":"https:\/\/svbrachelen-shop.de\/index.php\/produkt\/stutzen-mit-socken\/","name":"Stutzen (mit Socken) - SV Brachelen Onlineshop","isPartOf":{"@id":"https:\/\/svbrachelen-shop.de\/#website"},"datePublished":"2023-06-09T12:55:19+00:00","dateModified":"2023-06-09T12:55:20+00:00","breadcrumb":{"@id":"https:\/\/svbrachelen-shop.de\/index.php\/produkt\/stutzen-mit-socken\/#breadcrumb"},"inLanguage":"de","potentialAction":[{"@type":"ReadAction","target":["https:\/\/svbrachelen-shop.de\/index.php\/produkt\/stutzen-mit-socken\/"]}]},{"@type":"BreadcrumbList","@id":"https:\/\/svbrachelen-shop.de\/index.php\/produkt\/stutzen-mit-socken\/#breadcrumb","itemListElement":[{"@type":"ListItem","position":1,"name":"Startseite","item":"https:\/\/svbrachelen-shop.de\/"},{"@type":"ListItem","position":2,"name":"Shop","item":"https:\/\/svbrachelen-shop.de\/index.php\/shop\/"},{"@type":"ListItem","position":3,"name":"Stutzen (mit Socken)"}]},{"@type":"WebSite","@id":"https:\/\/svbrachelen-shop.de\/#website","url":"https:\/\/svbrachelen-shop.de\/","name":"SV Brachelen Onlineshop","description":"Dein Online-Shop","publisher":{"@id":"https:\/\/svbrachelen-shop.de\/#organization"},"potentialAction":[{"@type":"SearchAction","target":{"@type":"EntryPoint","urlTemplate":"https:\/\/svbrachelen-shop.de\/?s={search_term_string}"},"query-input":"required name=search_term_string"}],"inLanguage":"de"},{"@type":"Organization","@id":"https:\/\/svbrachelen-shop.de\/#organization","name":"SV Brachelen Onlineshop","url":"https:\/\/svbrachelen-shop.de\/","logo":{"@type":"ImageObject","inLanguage":"de","@id":"https:\/\/svbrachelen-shop.de\/#\/schema\/logo\/image\/","url":"https:\/\/svbrachelen-shop.de\/wp-content\/uploads\/2023\/04\/Logo_SV_Brachelen.png","contentUrl":"https:\/\/svbrachelen-shop.de\/wp-content\/uploads\/2023\/04\/Logo_SV_Brachelen.png","width":3173,"height":3756,"caption":"SV Brachelen Onlineshop"},"image":{"@id":"https:\/\/svbrachelen-shop.de\/#\/schema\/logo\/image\/"}}]}},"_links":{"self":[{"href":"https:\/\/svbrachelen-shop.de\/index.php\/wp-json\/wp\/v2\/product\/4027","targetHints":{"allow":["GET"]}}],"collection":[{"href":"https:\/\/svbrachelen-shop.de\/index.php\/wp-json\/wp\/v2\/product"}],"about":[{"href":"https:\/\/svbrachelen-shop.de\/index.php\/wp-json\/wp\/v2\/types\/product"}],"version-history":[{"count":1,"href":"https:\/\/svbrachelen-shop.de\/index.php\/wp-json\/wp\/v2\/product\/4027\/revisions"}],"predecessor-version":[{"id":4049,"href":"https:\/\/svbrachelen-shop.de\/index.php\/wp-json\/wp\/v2\/product\/4027\/revisions\/4049"}],"wp:featuredmedia":[{"embeddable":true,"href":"https:\/\/svbrachelen-shop.de\/index.php\/wp-json\/wp\/v2\/media\/4028"}],"wp:attachment":[{"href":"https:\/\/svbrachelen-shop.de\/index.php\/wp-json\/wp\/v2\/media?parent=4027"}],"wp:term":[{"taxonomy":"product_cat","embeddable":true,"href":"https:\/\/svbrachelen-shop.de\/index.php\/wp-json\/wp\/v2\/product_cat?post=4027"},{"taxonomy":"product_tag","embeddable":true,"href":"https:\/\/svbrachelen-shop.de\/index.php\/wp-json\/wp\/v2\/product_tag?post=4027"}],"curies":[{"name":"wp","href":"https:\/\/api.w.org\/{rel}","templated":true}]}}